{"id":7,"date":"2020-05-29T17:50:01","date_gmt":"2020-05-29T20:50:01","guid":{"rendered":"http:\/\/amazing.com.br\/site\/?page_id=7"},"modified":"2024-05-30T19:49:53","modified_gmt":"2024-05-30T22:49:53","slug":"sobre","status":"publish","type":"page","link":"http:\/\/amazing.com.br\/site\/sobre\/","title":{"rendered":"Sobre"},"content":{"rendered":"<p>A empresa AMAZING iniciou suas atividades no m\u00eas de fevereiro do ano de 2019 como uma metal\u00fargica, fabricando Arquivos Deslizantes e Arm\u00e1rios em A\u00e7o. Ao longo do tempo, observando as necessidades atuais do mercado, vem diversificando seu portf\u00f3lio de produtos, afim de atender toda e qualquer demanda dos clientes. Trata-se de uma empresa familiar, formada por colaboradores com grande experi\u00eancia na \u00e1rea. Com uma planta fabril de 1.500m\u00b2 localizada em S\u00e3o Jos\u00e9 dos Pinhais, a Amazing est\u00e1 preparada para atender representantes e clientes de todo Brasil.<\/p>\n","protected":false},"excerpt":{"rendered":"<p>A empresa AMAZING iniciou suas atividades no m\u00eas de fevereiro do ano de 2019 como uma metal\u00fargica, fabricando Arquivos Deslizantes e Arm\u00e1rios em A\u00e7o. Ao longo do tempo, observando as necessidades atuais do mercado, vem diversificando seu portf\u00f3lio de produtos, afim de atender toda e qualquer demanda dos clientes. Trata-se de uma empresa familiar, formada [&hellip;]<\/p>\n","protected":false},"author":1,"featured_media":0,"parent":0,"menu_order":0,"comment_status":"closed","ping_status":"closed","template":"","meta":{"_acf_changed":false,"footnotes":""},"class_list":["post-7","page","type-page","status-publish","hentry"],"acf":[],"yoast_head":"<!-- This site is optimized with the Yoast SEO plugin v27.5 - https:\/\/yoast.com\/product\/yoast-seo-wordpress\/ -->\n<title>Sobre - Amazing Ind\u00fastria Metal\u00fargica<\/title>\n<meta name=\"robots\" content=\"index, follow, max-snippet:-1, max-image-preview:large, max-video-preview:-1\" \/>\n<link rel=\"canonical\" href=\"http:\/\/amazing.com.br\/site\/sobre\/\" \/>\n<meta property=\"og:locale\" content=\"pt_BR\" \/>\n<meta property=\"og:type\" content=\"article\" \/>\n<meta property=\"og:title\" content=\"Sobre - Amazing Ind\u00fastria Metal\u00fargica\" \/>\n<meta property=\"og:description\" content=\"A empresa AMAZING iniciou suas atividades no m\u00eas de fevereiro do ano de 2019 como uma metal\u00fargica, fabricando Arquivos Deslizantes e Arm\u00e1rios em A\u00e7o. Ao longo do tempo, observando as necessidades atuais do mercado, vem diversificando seu portf\u00f3lio de produtos, afim de atender toda e qualquer demanda dos clientes. Trata-se de uma empresa familiar, formada [&hellip;]\" \/>\n<meta property=\"og:url\" content=\"http:\/\/amazing.com.br\/site\/sobre\/\" \/>\n<meta property=\"og:site_name\" content=\"Amazing Ind\u00fastria Metal\u00fargica\" \/>\n<meta property=\"article:modified_time\" content=\"2024-05-30T22:49:53+00:00\" \/>\n<meta name=\"twitter:card\" content=\"summary_large_image\" \/>\n<meta name=\"twitter:label1\" content=\"Est. tempo de leitura\" \/>\n\t<meta name=\"twitter:data1\" content=\"1 minuto\" \/>\n<script type=\"application\/ld+json\" class=\"yoast-schema-graph\">{\"@context\":\"https:\\\/\\\/schema.org\",\"@graph\":[{\"@type\":\"WebPage\",\"@id\":\"http:\\\/\\\/amazing.com.br\\\/site\\\/sobre\\\/\",\"url\":\"http:\\\/\\\/amazing.com.br\\\/site\\\/sobre\\\/\",\"name\":\"Sobre - Amazing Ind\u00fastria Metal\u00fargica\",\"isPartOf\":{\"@id\":\"http:\\\/\\\/amazing.com.br\\\/site\\\/#website\"},\"datePublished\":\"2020-05-29T20:50:01+00:00\",\"dateModified\":\"2024-05-30T22:49:53+00:00\",\"breadcrumb\":{\"@id\":\"http:\\\/\\\/amazing.com.br\\\/site\\\/sobre\\\/#breadcrumb\"},\"inLanguage\":\"pt-BR\",\"potentialAction\":[{\"@type\":\"ReadAction\",\"target\":[\"http:\\\/\\\/amazing.com.br\\\/site\\\/sobre\\\/\"]}]},{\"@type\":\"BreadcrumbList\",\"@id\":\"http:\\\/\\\/amazing.com.br\\\/site\\\/sobre\\\/#breadcrumb\",\"itemListElement\":[{\"@type\":\"ListItem\",\"position\":1,\"name\":\"In\u00edcio\",\"item\":\"http:\\\/\\\/amazing.com.br\\\/site\\\/\"},{\"@type\":\"ListItem\",\"position\":2,\"name\":\"Sobre\"}]},{\"@type\":\"WebSite\",\"@id\":\"http:\\\/\\\/amazing.com.br\\\/site\\\/#website\",\"url\":\"http:\\\/\\\/amazing.com.br\\\/site\\\/\",\"name\":\"Amazing Ind\u00fastria Metal\u00fargica\",\"description\":\"\",\"publisher\":{\"@id\":\"http:\\\/\\\/amazing.com.br\\\/site\\\/#organization\"},\"potentialAction\":[{\"@type\":\"SearchAction\",\"target\":{\"@type\":\"EntryPoint\",\"urlTemplate\":\"http:\\\/\\\/amazing.com.br\\\/site\\\/?s={search_term_string}\"},\"query-input\":{\"@type\":\"PropertyValueSpecification\",\"valueRequired\":true,\"valueName\":\"search_term_string\"}}],\"inLanguage\":\"pt-BR\"},{\"@type\":\"Organization\",\"@id\":\"http:\\\/\\\/amazing.com.br\\\/site\\\/#organization\",\"name\":\"Amazing Ind\u00fastria Metal\u00fargica\",\"url\":\"http:\\\/\\\/amazing.com.br\\\/site\\\/\",\"logo\":{\"@type\":\"ImageObject\",\"inLanguage\":\"pt-BR\",\"@id\":\"http:\\\/\\\/amazing.com.br\\\/site\\\/#\\\/schema\\\/logo\\\/image\\\/\",\"url\":\"http:\\\/\\\/amazing.com.br\\\/site\\\/wp-content\\\/uploads\\\/2020\\\/06\\\/logo.png\",\"contentUrl\":\"http:\\\/\\\/amazing.com.br\\\/site\\\/wp-content\\\/uploads\\\/2020\\\/06\\\/logo.png\",\"width\":275,\"height\":147,\"caption\":\"Amazing Ind\u00fastria Metal\u00fargica\"},\"image\":{\"@id\":\"http:\\\/\\\/amazing.com.br\\\/site\\\/#\\\/schema\\\/logo\\\/image\\\/\"}}]}<\/script>\n<!-- \/ Yoast SEO plugin. -->","yoast_head_json":{"title":"Sobre - Amazing Ind\u00fastria Metal\u00fargica","robots":{"index":"index","follow":"follow","max-snippet":"max-snippet:-1","max-image-preview":"max-image-preview:large","max-video-preview":"max-video-preview:-1"},"canonical":"http:\/\/amazing.com.br\/site\/sobre\/","og_locale":"pt_BR","og_type":"article","og_title":"Sobre - Amazing Ind\u00fastria Metal\u00fargica","og_description":"A empresa AMAZING iniciou suas atividades no m\u00eas de fevereiro do ano de 2019 como uma metal\u00fargica, fabricando Arquivos Deslizantes e Arm\u00e1rios em A\u00e7o. Ao longo do tempo, observando as necessidades atuais do mercado, vem diversificando seu portf\u00f3lio de produtos, afim de atender toda e qualquer demanda dos clientes. Trata-se de uma empresa familiar, formada [&hellip;]","og_url":"http:\/\/amazing.com.br\/site\/sobre\/","og_site_name":"Amazing Ind\u00fastria Metal\u00fargica","article_modified_time":"2024-05-30T22:49:53+00:00","twitter_card":"summary_large_image","twitter_misc":{"Est. tempo de leitura":"1 minuto"},"schema":{"@context":"https:\/\/schema.org","@graph":[{"@type":"WebPage","@id":"http:\/\/amazing.com.br\/site\/sobre\/","url":"http:\/\/amazing.com.br\/site\/sobre\/","name":"Sobre - Amazing Ind\u00fastria Metal\u00fargica","isPartOf":{"@id":"http:\/\/amazing.com.br\/site\/#website"},"datePublished":"2020-05-29T20:50:01+00:00","dateModified":"2024-05-30T22:49:53+00:00","breadcrumb":{"@id":"http:\/\/amazing.com.br\/site\/sobre\/#breadcrumb"},"inLanguage":"pt-BR","potentialAction":[{"@type":"ReadAction","target":["http:\/\/amazing.com.br\/site\/sobre\/"]}]},{"@type":"BreadcrumbList","@id":"http:\/\/amazing.com.br\/site\/sobre\/#breadcrumb","itemListElement":[{"@type":"ListItem","position":1,"name":"In\u00edcio","item":"http:\/\/amazing.com.br\/site\/"},{"@type":"ListItem","position":2,"name":"Sobre"}]},{"@type":"WebSite","@id":"http:\/\/amazing.com.br\/site\/#website","url":"http:\/\/amazing.com.br\/site\/","name":"Amazing Ind\u00fastria Metal\u00fargica","description":"","publisher":{"@id":"http:\/\/amazing.com.br\/site\/#organization"},"potentialAction":[{"@type":"SearchAction","target":{"@type":"EntryPoint","urlTemplate":"http:\/\/amazing.com.br\/site\/?s={search_term_string}"},"query-input":{"@type":"PropertyValueSpecification","valueRequired":true,"valueName":"search_term_string"}}],"inLanguage":"pt-BR"},{"@type":"Organization","@id":"http:\/\/amazing.com.br\/site\/#organization","name":"Amazing Ind\u00fastria Metal\u00fargica","url":"http:\/\/amazing.com.br\/site\/","logo":{"@type":"ImageObject","inLanguage":"pt-BR","@id":"http:\/\/amazing.com.br\/site\/#\/schema\/logo\/image\/","url":"http:\/\/amazing.com.br\/site\/wp-content\/uploads\/2020\/06\/logo.png","contentUrl":"http:\/\/amazing.com.br\/site\/wp-content\/uploads\/2020\/06\/logo.png","width":275,"height":147,"caption":"Amazing Ind\u00fastria Metal\u00fargica"},"image":{"@id":"http:\/\/amazing.com.br\/site\/#\/schema\/logo\/image\/"}}]}},"_links":{"self":[{"href":"http:\/\/amazing.com.br\/site\/wp-json\/wp\/v2\/pages\/7","targetHints":{"allow":["GET"]}}],"collection":[{"href":"http:\/\/amazing.com.br\/site\/wp-json\/wp\/v2\/pages"}],"about":[{"href":"http:\/\/amazing.com.br\/site\/wp-json\/wp\/v2\/types\/page"}],"author":[{"embeddable":true,"href":"http:\/\/amazing.com.br\/site\/wp-json\/wp\/v2\/users\/1"}],"replies":[{"embeddable":true,"href":"http:\/\/amazing.com.br\/site\/wp-json\/wp\/v2\/comments?post=7"}],"version-history":[{"count":12,"href":"http:\/\/amazing.com.br\/site\/wp-json\/wp\/v2\/pages\/7\/revisions"}],"predecessor-version":[{"id":289,"href":"http:\/\/amazing.com.br\/site\/wp-json\/wp\/v2\/pages\/7\/revisions\/289"}],"wp:attachment":[{"href":"http:\/\/amazing.com.br\/site\/wp-json\/wp\/v2\/media?parent=7"}],"curies":[{"name":"wp","href":"https:\/\/api.w.org\/{rel}","templated":true}]}}