{"id":9,"date":"2020-05-29T17:50:16","date_gmt":"2020-05-29T20:50:16","guid":{"rendered":"http:\/\/amazing.com.br\/site\/?page_id=9"},"modified":"2020-06-24T13:08:29","modified_gmt":"2020-06-24T16:08:29","slug":"produtos","status":"publish","type":"page","link":"https:\/\/amazing.com.br\/site\/produtos\/","title":{"rendered":"Produtos"},"content":{"rendered":"<p>A Amazing Ind\u00fastria Metal\u00fargica desenvolve, produz e comercializa Arquivos para atender a necessidade de armazenamento de cada cliente.<\/p>\n","protected":false},"excerpt":{"rendered":"<p>A Amazing Ind\u00fastria Metal\u00fargica desenvolve, produz e comercializa Arquivos para atender a necessidade de armazenamento de cada cliente.<\/p>\n","protected":false},"author":1,"featured_media":0,"parent":0,"menu_order":0,"comment_status":"closed","ping_status":"closed","template":"page-produtos.php","meta":{"_acf_changed":false,"footnotes":""},"class_list":["post-9","page","type-page","status-publish","hentry"],"acf":[],"yoast_head":"<!-- This site is optimized with the Yoast SEO plugin v27.4 - https:\/\/yoast.com\/product\/yoast-seo-wordpress\/ -->\n<title>Produtos - Amazing Ind\u00fastria Metal\u00fargica<\/title>\n<meta name=\"robots\" content=\"index, follow, max-snippet:-1, max-image-preview:large, max-video-preview:-1\" \/>\n<link rel=\"canonical\" href=\"https:\/\/amazing.com.br\/site\/produtos\/\" \/>\n<meta property=\"og:locale\" content=\"pt_BR\" \/>\n<meta property=\"og:type\" content=\"article\" \/>\n<meta property=\"og:title\" content=\"Produtos - Amazing Ind\u00fastria Metal\u00fargica\" \/>\n<meta property=\"og:description\" content=\"A Amazing Ind\u00fastria Metal\u00fargica desenvolve, produz e comercializa Arquivos para atender a necessidade de armazenamento de cada cliente.\" \/>\n<meta property=\"og:url\" content=\"https:\/\/amazing.com.br\/site\/produtos\/\" \/>\n<meta property=\"og:site_name\" content=\"Amazing Ind\u00fastria Metal\u00fargica\" \/>\n<meta property=\"article:modified_time\" content=\"2020-06-24T16:08:29+00:00\" \/>\n<meta name=\"twitter:card\" content=\"summary_large_image\" \/>\n<script type=\"application\/ld+json\" class=\"yoast-schema-graph\">{\"@context\":\"https:\\\/\\\/schema.org\",\"@graph\":[{\"@type\":\"WebPage\",\"@id\":\"https:\\\/\\\/amazing.com.br\\\/site\\\/produtos\\\/\",\"url\":\"https:\\\/\\\/amazing.com.br\\\/site\\\/produtos\\\/\",\"name\":\"Produtos - Amazing Ind\u00fastria Metal\u00fargica\",\"isPartOf\":{\"@id\":\"http:\\\/\\\/amazing.com.br\\\/site\\\/#website\"},\"datePublished\":\"2020-05-29T20:50:16+00:00\",\"dateModified\":\"2020-06-24T16:08:29+00:00\",\"breadcrumb\":{\"@id\":\"https:\\\/\\\/amazing.com.br\\\/site\\\/produtos\\\/#breadcrumb\"},\"inLanguage\":\"pt-BR\",\"potentialAction\":[{\"@type\":\"ReadAction\",\"target\":[\"https:\\\/\\\/amazing.com.br\\\/site\\\/produtos\\\/\"]}]},{\"@type\":\"BreadcrumbList\",\"@id\":\"https:\\\/\\\/amazing.com.br\\\/site\\\/produtos\\\/#breadcrumb\",\"itemListElement\":[{\"@type\":\"ListItem\",\"position\":1,\"name\":\"In\u00edcio\",\"item\":\"http:\\\/\\\/amazing.com.br\\\/site\\\/\"},{\"@type\":\"ListItem\",\"position\":2,\"name\":\"Produtos\"}]},{\"@type\":\"WebSite\",\"@id\":\"http:\\\/\\\/amazing.com.br\\\/site\\\/#website\",\"url\":\"http:\\\/\\\/amazing.com.br\\\/site\\\/\",\"name\":\"Amazing Ind\u00fastria Metal\u00fargica\",\"description\":\"\",\"publisher\":{\"@id\":\"http:\\\/\\\/amazing.com.br\\\/site\\\/#organization\"},\"potentialAction\":[{\"@type\":\"SearchAction\",\"target\":{\"@type\":\"EntryPoint\",\"urlTemplate\":\"http:\\\/\\\/amazing.com.br\\\/site\\\/?s={search_term_string}\"},\"query-input\":{\"@type\":\"PropertyValueSpecification\",\"valueRequired\":true,\"valueName\":\"search_term_string\"}}],\"inLanguage\":\"pt-BR\"},{\"@type\":\"Organization\",\"@id\":\"http:\\\/\\\/amazing.com.br\\\/site\\\/#organization\",\"name\":\"Amazing Ind\u00fastria Metal\u00fargica\",\"url\":\"http:\\\/\\\/amazing.com.br\\\/site\\\/\",\"logo\":{\"@type\":\"ImageObject\",\"inLanguage\":\"pt-BR\",\"@id\":\"http:\\\/\\\/amazing.com.br\\\/site\\\/#\\\/schema\\\/logo\\\/image\\\/\",\"url\":\"https:\\\/\\\/amazing.com.br\\\/site\\\/wp-content\\\/uploads\\\/2020\\\/06\\\/logo.png\",\"contentUrl\":\"https:\\\/\\\/amazing.com.br\\\/site\\\/wp-content\\\/uploads\\\/2020\\\/06\\\/logo.png\",\"width\":275,\"height\":147,\"caption\":\"Amazing Ind\u00fastria Metal\u00fargica\"},\"image\":{\"@id\":\"http:\\\/\\\/amazing.com.br\\\/site\\\/#\\\/schema\\\/logo\\\/image\\\/\"}}]}<\/script>\n<!-- \/ Yoast SEO plugin. -->","yoast_head_json":{"title":"Produtos - Amazing Ind\u00fastria Metal\u00fargica","robots":{"index":"index","follow":"follow","max-snippet":"max-snippet:-1","max-image-preview":"max-image-preview:large","max-video-preview":"max-video-preview:-1"},"canonical":"https:\/\/amazing.com.br\/site\/produtos\/","og_locale":"pt_BR","og_type":"article","og_title":"Produtos - Amazing Ind\u00fastria Metal\u00fargica","og_description":"A Amazing Ind\u00fastria Metal\u00fargica desenvolve, produz e comercializa Arquivos para atender a necessidade de armazenamento de cada cliente.","og_url":"https:\/\/amazing.com.br\/site\/produtos\/","og_site_name":"Amazing Ind\u00fastria Metal\u00fargica","article_modified_time":"2020-06-24T16:08:29+00:00","twitter_card":"summary_large_image","schema":{"@context":"https:\/\/schema.org","@graph":[{"@type":"WebPage","@id":"https:\/\/amazing.com.br\/site\/produtos\/","url":"https:\/\/amazing.com.br\/site\/produtos\/","name":"Produtos - Amazing Ind\u00fastria Metal\u00fargica","isPartOf":{"@id":"http:\/\/amazing.com.br\/site\/#website"},"datePublished":"2020-05-29T20:50:16+00:00","dateModified":"2020-06-24T16:08:29+00:00","breadcrumb":{"@id":"https:\/\/amazing.com.br\/site\/produtos\/#breadcrumb"},"inLanguage":"pt-BR","potentialAction":[{"@type":"ReadAction","target":["https:\/\/amazing.com.br\/site\/produtos\/"]}]},{"@type":"BreadcrumbList","@id":"https:\/\/amazing.com.br\/site\/produtos\/#breadcrumb","itemListElement":[{"@type":"ListItem","position":1,"name":"In\u00edcio","item":"http:\/\/amazing.com.br\/site\/"},{"@type":"ListItem","position":2,"name":"Produtos"}]},{"@type":"WebSite","@id":"http:\/\/amazing.com.br\/site\/#website","url":"http:\/\/amazing.com.br\/site\/","name":"Amazing Ind\u00fastria Metal\u00fargica","description":"","publisher":{"@id":"http:\/\/amazing.com.br\/site\/#organization"},"potentialAction":[{"@type":"SearchAction","target":{"@type":"EntryPoint","urlTemplate":"http:\/\/amazing.com.br\/site\/?s={search_term_string}"},"query-input":{"@type":"PropertyValueSpecification","valueRequired":true,"valueName":"search_term_string"}}],"inLanguage":"pt-BR"},{"@type":"Organization","@id":"http:\/\/amazing.com.br\/site\/#organization","name":"Amazing Ind\u00fastria Metal\u00fargica","url":"http:\/\/amazing.com.br\/site\/","logo":{"@type":"ImageObject","inLanguage":"pt-BR","@id":"http:\/\/amazing.com.br\/site\/#\/schema\/logo\/image\/","url":"https:\/\/amazing.com.br\/site\/wp-content\/uploads\/2020\/06\/logo.png","contentUrl":"https:\/\/amazing.com.br\/site\/wp-content\/uploads\/2020\/06\/logo.png","width":275,"height":147,"caption":"Amazing Ind\u00fastria Metal\u00fargica"},"image":{"@id":"http:\/\/amazing.com.br\/site\/#\/schema\/logo\/image\/"}}]}},"_links":{"self":[{"href":"https:\/\/amazing.com.br\/site\/wp-json\/wp\/v2\/pages\/9","targetHints":{"allow":["GET"]}}],"collection":[{"href":"https:\/\/amazing.com.br\/site\/wp-json\/wp\/v2\/pages"}],"about":[{"href":"https:\/\/amazing.com.br\/site\/wp-json\/wp\/v2\/types\/page"}],"author":[{"embeddable":true,"href":"https:\/\/amazing.com.br\/site\/wp-json\/wp\/v2\/users\/1"}],"replies":[{"embeddable":true,"href":"https:\/\/amazing.com.br\/site\/wp-json\/wp\/v2\/comments?post=9"}],"version-history":[{"count":6,"href":"https:\/\/amazing.com.br\/site\/wp-json\/wp\/v2\/pages\/9\/revisions"}],"predecessor-version":[{"id":118,"href":"https:\/\/amazing.com.br\/site\/wp-json\/wp\/v2\/pages\/9\/revisions\/118"}],"wp:attachment":[{"href":"https:\/\/amazing.com.br\/site\/wp-json\/wp\/v2\/media?parent=9"}],"curies":[{"name":"wp","href":"https:\/\/api.w.org\/{rel}","templated":true}]}}